{"id":108,"date":"2012-04-23T16:39:20","date_gmt":"2012-04-23T14:39:20","guid":{"rendered":"http:\/\/pigulka.home.pl\/migotanie\/?page_id=108"},"modified":"2012-05-29T16:54:48","modified_gmt":"2012-05-29T14:54:48","slug":"to-mogl-byc-udar","status":"publish","type":"page","link":"https:\/\/www.migotanie-przedsionkow.pl\/?page_id=108","title":{"rendered":"To m\u00f3g\u0142 by\u0107 udar"},"content":{"rendered":"<p>Objawy udaru m\u00f3zgu mog\u0105 by\u0107 r\u00f3\u017cne w zale\u017cno\u015bci od tego, kt\u00f3ra t\u0119tniczka zosta\u0142a zamkni\u0119ta lub uleg\u0142a p\u0119kni\u0119ciu, a co za tym idzie, do jakiej cz\u0119\u015bci m\u00f3zgu nie dop\u0142yn\u0119\u0142a krew. Je\u017celi uszkodzeniu ulegnie t\u0119tniczka doprowadzaj\u0105ca krew do p\u00f3\u0142kul m\u00f3zgowych, objawem mo\u017ce by\u0107 niedow\u0142ad, czyli ograniczenie mo\u017cliwo\u015bci wykonywania ruch\u00f3w r\u0119ki, nogi lub twarzy po jednej stronie cia\u0142a (tzw. parali\u017c). W p\u00f3\u0142kulach m\u00f3zgu istniej\u0105 bowiem specjalne obszary odpowiedzialne za ruch poszczeg\u00f3lnych cz\u0119\u015bci cia\u0142a. Podobnie istniej\u0105 obszary odpowiedzialne za czucie. Objawami udaru mog\u0105 by\u0107 wi\u0119c dr\u0119twienia, os\u0142abienie lub zniesienie czucia w obr\u0119bie twarzy, r\u0119ki czy nogi po jednej stronie cia\u0142a. Im wi\u0119kszy obszar niedokrwienia, tym wi\u0119kszy zakres zaburze\u0144.<\/p>\n<blockquote><p>Ma\u0142e ognisko niedokrwienne mo\u017ce spowodowa\u0107 niedow\u0142ad twarzy i r\u0119ki lub dr\u0119twienie w tym obszarze; du\u017ce \u2013 ca\u0142kowity parali\u017c po\u0142owy cia\u0142a ze zniesieniem na niej czucia.<\/p><\/blockquote>\n<p>W m\u00f3zgu istnieje te\u017c obszar odpowiedzialny za mow\u0119. Jego uszkodzenie mo\u017ce spowodowa\u0107 niemo\u017cno\u015b\u0107 normalnego m\u00f3wienia, czyli tzw. afazj\u0119. Kiedy chory rozumie, co si\u0119 do niego m\u00f3wi, ale sam nie mo\u017ce m\u00f3wi\u0107, mamy do czynienia z afazj\u0105 ruchow\u0105. W przypadku afazji czuciowej pacjent nie rozumie kierowanych do niego s\u0142\u00f3w; jest w stanie m\u00f3wi\u0107, ale jego wypowiedzi s\u0105 niezrozumia\u0142e. Przy rozleg\u0142ym uszkodzeniu o\u015brodk\u00f3w mowy chory nie rozumie mowy i sam te\u017c nie m\u00f3wi (afazja pe\u0142na). Afazja zwykle towarzyszy niedow\u0142adowi ko\u0144czyn po stronie prawej u os\u00f3b prawor\u0119cznych, a po stronie lewej u lewor\u0119cznych. Uszkodzenie innego obszaru m\u00f3zgu, tj. p\u0142at\u00f3w potylicznych, mo\u017ce spowodowa\u0107 zaburzenia<br \/>\nwidzenia, najcz\u0119\u015bciej po\u0142owy pola widzenia. Niedokrwienie m\u00f3\u017cd\u017cku mo\u017ce by\u0107 z kolei przyczyn\u0105 zawrot\u00f3w g\u0142owy, zaburze\u0144 r\u00f3wnowagi i wymiot\u00f3w.<\/p>\n<p>Najci\u0119\u017csz\u0105 postaci\u0105 udaru m\u00f3zgu jest udar pnia m\u00f3zgu, czyli tej cz\u0119\u015bci m\u00f3zgu, gdzie znajduj\u0105 si\u0119 o\u015brodki odpowiedzialne za regulacj\u0119 ci\u015bnienia krwi, prac\u0119 serca i oddychanie, ich uszkodzenie mo\u017ce spowodowa\u0107 niedow\u0142ad czterech ko\u0144czyn,<br \/>\nzaburzenia \u015bwiadomo\u015bci (chory mo\u017ce by\u0107 wtedy w \u015bpi\u0105czce \u2013 to znaczy nie reagowa\u0107 na to, co dzieje si\u0119 w jego otoczeniu), mie\u0107 zaburzenia oddychania i kr\u0105\u017cenia krwi: spadki i skoki ci\u015bnienia, mo\u017ce doj\u015b\u0107 nawet do zatrzymania akcji serca.<\/p>\n<p>Udar krwotoczny powoduje wyst\u0105pienie takich samych objaw\u00f3w jak udar niedokrwienny, cz\u0119sto jednak ma ci\u0119\u017cszy przebieg. W udarze krwotocznym charakterystyczny jest nag\u0142y silny b\u00f3l g\u0142owy wyst\u0119puj\u0105cy przy zachorowaniu, utrata \u015bwiadomo\u015bci, drgawki, a nawet nag\u0142y zgon.<\/p>\n<blockquote><p>O rokowaniu w udarze decyduje wi\u0119c jego rodzaj (niedokrwienny czy krwotoczny), wielko\u015b\u0107 uszkodzonego obszaru m\u00f3zgu i jego umiejscowienie, ale tak\u017ce wsp\u00f3\u0142istnienie dodatkowych chor\u00f3b, np. niewydolno\u015bci serca, zaburze\u0144 rytmu serca, kt\u00f3re mog\u0105 mie\u0107 istotny wp\u0142yw na proces zdrowienia i rehabilitacji.<\/p><\/blockquote>\n<p>Chorzy z udarem m\u00f3zgu cz\u0119sto cierpi\u0105 na depresj\u0119, s\u0105 smutni i oboj\u0119tni na proces leczenia. Wsp\u00f3\u0142istnienie depresji bardzo utrudnia rehabilitacj\u0119 z powodu braku wsp\u00f3\u0142pracy pacjenta. W przypadku wyst\u0105pienia depresji stosuje si\u0119 leki przeciwdepresyjne i psychoterapi\u0119.<\/p>\n<p>Chorzy z udarem m\u00f3zgu mog\u0105 te\u017c mie\u0107 objawy przymusowego p\u0142aczu lub \u015bmiechu. Niezale\u017cnie od ich woli, cz\u0119sto w nieodpowiednich sytuacjach p\u0142acz\u0105 lub \u015bmiej\u0105 si\u0119. Zaburzenia te wymagaj\u0105 szczeg\u00f3lnego zrozumienia i cierpliwo\u015bci ze strony rodziny, gdy\u017c chory nie mo\u017ce ich opanowa\u0107.<\/p>\n<p>U cz\u0119\u015bci chorych z udarem m\u00f3zgu wyst\u0119puj\u0105 napady padaczkowe. Napady te mog\u0105 pojawi\u0107 si\u0119 ju\u017c w pierwszych dniach zachorowania lub p\u00f3\u017aniej, nawet kilka, kilkana\u015bcie miesi\u0119cy po wyst\u0105pieniu udaru. W\u0142\u0105czenie odpowiedniego leczenia w wi\u0119kszo\u015bci przypadk\u00f3w zapobiega wyst\u0119powaniu kolejnych napad\u00f3w.<\/p>\n<p><strong>Pi\u015bmiennictwo:<\/strong><\/p>\n<p>Kuczy\u0144ska-Zardzewia\u0142y A, Cz\u0142onkowska A, Co nale\u017cy wiedzie\u0107 o udarze m\u00f3zgu? Poradnik dla pacjent\u00f3w, ich rodzin i wszystkich zainteresowanych. (Str 18-19)<\/p>\n","protected":false},"excerpt":{"rendered":"<p>Objawy udaru m\u00f3zgu mog\u0105 by\u0107 r\u00f3\u017cne w zale\u017cno\u015bci od tego, kt\u00f3ra t\u0119tniczka zosta\u0142a zamkni\u0119ta lub uleg\u0142a p\u0119kni\u0119ciu, a co za tym idzie, do jakiej cz\u0119\u015bci m\u00f3zgu nie dop\u0142yn\u0119\u0142a krew. Je\u017celi uszkodzeniu ulegnie t\u0119tniczka doprowadzaj\u0105ca krew do p\u00f3\u0142kul m\u00f3zgowych, objawem mo\u017ce by\u0107 niedow\u0142ad, czyli ograniczenie mo\u017cliwo\u015bci wykonywania ruch\u00f3w r\u0119ki, nogi lub twarzy po jednej stronie cia\u0142a [&hellip;]<\/p>\n","protected":false},"author":1,"featured_media":0,"parent":61,"menu_order":0,"comment_status":"open","ping_status":"closed","template":"","meta":{"footnotes":""},"_links":{"self":[{"href":"https:\/\/www.migotanie-przedsionkow.pl\/index.php?rest_route=\/wp\/v2\/pages\/108"}],"collection":[{"href":"https:\/\/www.migotanie-przedsionkow.pl\/index.php?rest_route=\/wp\/v2\/pages"}],"about":[{"href":"https:\/\/www.migotanie-przedsionkow.pl\/index.php?rest_route=\/wp\/v2\/types\/page"}],"author":[{"embeddable":true,"href":"https:\/\/www.migotanie-przedsionkow.pl\/index.php?rest_route=\/wp\/v2\/users\/1"}],"replies":[{"embeddable":true,"href":"https:\/\/www.migotanie-przedsionkow.pl\/index.php?rest_route=%2Fwp%2Fv2%2Fcomments&post=108"}],"version-history":[{"count":4,"href":"https:\/\/www.migotanie-przedsionkow.pl\/index.php?rest_route=\/wp\/v2\/pages\/108\/revisions"}],"predecessor-version":[{"id":110,"href":"https:\/\/www.migotanie-przedsionkow.pl\/index.php?rest_route=\/wp\/v2\/pages\/108\/revisions\/110"}],"up":[{"embeddable":true,"href":"https:\/\/www.migotanie-przedsionkow.pl\/index.php?rest_route=\/wp\/v2\/pages\/61"}],"wp:attachment":[{"href":"https:\/\/www.migotanie-przedsionkow.pl\/index.php?rest_route=%2Fwp%2Fv2%2Fmedia&parent=108"}],"curies":[{"name":"wp","href":"https:\/\/api.w.org\/{rel}","templated":true}]}}