{"id":124,"date":"2012-04-23T17:27:20","date_gmt":"2012-04-23T15:27:20","guid":{"rendered":"http:\/\/pigulka.home.pl\/migotanie\/?page_id=124"},"modified":"2012-05-29T16:56:49","modified_gmt":"2012-05-29T14:56:49","slug":"kolejny-udar","status":"publish","type":"page","link":"https:\/\/www.migotanie-przedsionkow.pl\/?page_id=124","title":{"rendered":"Kolejny udar? Nie!"},"content":{"rendered":"<p>8-10% chorych po przebytym udarze m\u00f3zgu ma kolejny udar w ci\u0105gu ka\u017cdego nast\u0119pnego roku. Spo\u015br\u00f3d chorych z przemijaj\u0105cymi zaburzeniami kr\u0105\u017cenia m\u00f3zgowego (objawy ostrzegawcze, ma\u0142y udar) u 20% dochodzi w ci\u0105gu roku do pe\u0142nego udaru m\u00f3zgu i trwa\u0142ych objaw\u00f3w.<\/p>\n<p><strong>Czy mo\u017cna temu zapobiega\u0107? Tak, mo\u017cna!!!<\/strong><\/p>\n<p><strong>Nale\u017cy<\/strong><br \/>\n1) systematycznie leczy\u0107 choroby sprzyjaj\u0105ce udarowi m\u00f3zgu:<br \/>\n\u2013 nadci\u015bnienie t\u0119tnicze<br \/>\n\u2013 cukrzyc\u0119<br \/>\n\u2013 choroby serca<br \/>\n\u2013 hipercholesterolemi\u0119<br \/>\n\u2013 oty\u0142o\u015b\u0107<\/p>\n<p><strong>Trzeba<\/strong><br \/>\n2) zmieni\u0107 styl \u017cycia:<br \/>\n\u2013 nie pali\u0107 papieros\u00f3w<br \/>\n\u2013 nie nadu\u017cywa\u0107 alkoholu<br \/>\n\u2013 prowadzi\u0107 aktywny tryb \u017cycia<\/p>\n<p><strong>Powinno si\u0119<\/strong><br \/>\n3) systematycznie przyjmowa\u0107:<\/p>\n<p><strong>Leki antyagregacyjne<\/strong> \u2013 je\u017celi przyczyn\u0105 udaru jest mia\u017cd\u017cyca t\u0119tnic (zw\u0119\u017cenie, niedro\u017cno\u015b\u0107), nadci\u015bnienie t\u0119tnicze, cukrzyca, hipercholesterolemia. Leki te hamuj\u0105 zlepianie si\u0119 p\u0142ytek krwi w miejscu uszkodzonego naczynia, zapobiegaj\u0105c w ten spos\u00f3b tworzeniu si\u0119 skrzeplin.<\/p>\n<p><strong>Do tej grupy lek\u00f3w nale\u017c\u0105:<\/strong><br \/>\n\u2022 kwas acetylosalicylowy (aspiryna),<br \/>\n\u2022 klopidogrel, tiklopidyna, dipirydamol o przed\u0142u\u017conym dzia\u0142aniu.<br \/>\nNajcz\u0119\u015bciej stosowana jest aspiryna w dawce od 75 do 150 mg.<\/p>\n<p><strong>lub<\/strong><\/p>\n<p><strong>Leki antykoagulacyjne<\/strong> \u2013 je\u017celi przyczyn\u0105 udaru jest zator pochodz\u0105cy z serca (g\u0142\u00f3wnie w przypadku migotania przedsionk\u00f3w). Leki te silnie hamuj\u0105 tworzenie si\u0119 skrzeplin. Do tej grupy lek\u00f3w nale\u017c\u0105:<br \/>\ntzw. tradycyjne doustne antykoagulanty (leki z grupy antagonist\u00f3w witaminy K)<br \/>\n\u2022 acenokumarol,<br \/>\n\u2022 warfaryna,<br \/>\ntzw. nowe doustne antykoagulanty (bezpo\u015brednie inhibitory czynnik\u00f3w krzepni\u0119cia)<br \/>\n\u2022 rywaroksaban,<br \/>\n\u2022 eteksylan dabigatranu.<\/p>\n<p>U chorych, u kt\u00f3rych istniej\u0105 przeciwwskazania do stosowania lek\u00f3w antykoagulacyjnych, stosuje si\u0119 leki antyagregacyjne. Leczenie lekami antykoagulacyjnymi wymaga szczeg\u00f3lnego nadzoru ze strony lekarza i wsp\u00f3\u0142pracy pacjenta lub jego rodziny. Leki te silnie hamuj\u0105 tworzenie si\u0119 skrzeplin.<\/p>\n<p><strong>Leki antykoagulacyjne dzia\u0142aj\u0105 znacznie silniej od lek\u00f3w antyagregacyjnych, co wymaga:<\/strong><\/p>\n<ol start=\"1\">\n<li>Dok\u0142adnego przestrzegania zaleconej przez lekarza dawki leku.<\/li>\n<li>Zwracania uwagi na objawy, kt\u00f3re mog\u0105 \u015bwiadczy\u0107 o zbyt silnym dzia\u0142aniu leku.<\/li>\n<li>A w przypadku starszej generacji doustnych antykoagulant\u00f3w r\u00f3wnie\u017c:<br \/>\n\u2022 okresowej kontroli stopnia ich dzia\u0142ania, czyli badania krzepliwo\u015bci krwi (INR najcz\u0119\u015bciej w przedziale 2-3, ale s\u0105 choroby, kt\u00f3re wymagaj\u0105 wy\u017cszego wska\u017anika \u2013 o tym poinformuje lekarz),<br \/>\n\u2022 zwracania uwagi na dodatkowo przyjmowane pokarmy i leki, kt\u00f3re w istotny spos\u00f3b wp\u0142ywaj\u0105 na si\u0142\u0119 dzia\u0142ania lek\u00f3w przeciwzakrzepowych.<\/li>\n<li>Antykoagulanty nowej generacji nie wymagaj\u0105 monitorowania uk\u0142adu krzepni\u0119cia.<\/li>\n<\/ol>\n<p>Objawy \u015bwiadcz\u0105ce o zbyt silnym dzia\u0142aniu lek\u00f3w przeciwzakrzepowych:<br \/>\n\u2022 krwawienia z dzi\u0105se\u0142 podczas mycia z\u0119b\u00f3w,<br \/>\n\u2022 krwawienia z nosa,<br \/>\n\u2022 krew w moczu,<br \/>\n\u2022 zwi\u0119kszone krwawienia miesi\u0105czkowe u kobiet,<br \/>\n\u2022 siniaki na sk\u00f3rze.<\/p>\n<p><strong>W razie wyst\u0105pienia kt\u00f3rego\u015b z powy\u017cszych objaw\u00f3w nale\u017cy niezw\u0142ocznie powiadomi\u0107 lekarza!<\/strong><\/p>\n<p><strong>UWAGI:<\/strong><br \/>\n<strong>1) Koniecznie zwr\u00f3\u0107 uwag\u0119, jaka jest dawka leku w twoich tabletkach, a jak\u0105 zaleci\u0142 lekarz.<\/strong><br \/>\n<strong>2) Ka\u017cdemu lekarzowi, kt\u00f3ry udziela ci porady, powiedz, \u017ce przyjmujesz antykoagulanty.<\/strong><br \/>\n<strong>3) Pami\u0119taj, \u017ce masz zmniejszon\u0105 krzepliwo\u015b\u0107 krwi, unikaj uraz\u00f3w.<\/strong><br \/>\n<strong>4) Nie wolno u\u017cywa\u0107 tych lek\u00f3w w ci\u0105\u017cy.<\/strong><br \/>\n<strong>5) Kontroluj ci\u015bnienie krwi, podwy\u017cszone ci\u015bnienie zwi\u0119ksza prawdopodobie\u0144stwo krwawienia.<\/strong><\/p>\n<p><strong>Pi\u015bmiennictwo:<\/strong><\/p>\n<p>Kuczy\u0144ska-Zardzewia\u0142y A, Cz\u0142onkowska A, Co nale\u017cy wiedzie\u0107 o udarze m\u00f3zgu? Poradnik dla pacjent\u00f3w, ich rodzin i wszystkich zainteresowanych. (Str 35-37)<\/p>\n","protected":false},"excerpt":{"rendered":"<p>8-10% chorych po przebytym udarze m\u00f3zgu ma kolejny udar w ci\u0105gu ka\u017cdego nast\u0119pnego roku. Spo\u015br\u00f3d chorych z przemijaj\u0105cymi zaburzeniami kr\u0105\u017cenia m\u00f3zgowego (objawy ostrzegawcze, ma\u0142y udar) u 20% dochodzi w ci\u0105gu roku do pe\u0142nego udaru m\u00f3zgu i trwa\u0142ych objaw\u00f3w. Czy mo\u017cna temu zapobiega\u0107? Tak, mo\u017cna!!! Nale\u017cy 1) systematycznie leczy\u0107 choroby sprzyjaj\u0105ce udarowi m\u00f3zgu: \u2013 nadci\u015bnienie t\u0119tnicze [&hellip;]<\/p>\n","protected":false},"author":1,"featured_media":0,"parent":64,"menu_order":0,"comment_status":"open","ping_status":"closed","template":"","meta":{"footnotes":""},"_links":{"self":[{"href":"https:\/\/www.migotanie-przedsionkow.pl\/index.php?rest_route=\/wp\/v2\/pages\/124"}],"collection":[{"href":"https:\/\/www.migotanie-przedsionkow.pl\/index.php?rest_route=\/wp\/v2\/pages"}],"about":[{"href":"https:\/\/www.migotanie-przedsionkow.pl\/index.php?rest_route=\/wp\/v2\/types\/page"}],"author":[{"embeddable":true,"href":"https:\/\/www.migotanie-przedsionkow.pl\/index.php?rest_route=\/wp\/v2\/users\/1"}],"replies":[{"embeddable":true,"href":"https:\/\/www.migotanie-przedsionkow.pl\/index.php?rest_route=%2Fwp%2Fv2%2Fcomments&post=124"}],"version-history":[{"count":5,"href":"https:\/\/www.migotanie-przedsionkow.pl\/index.php?rest_route=\/wp\/v2\/pages\/124\/revisions"}],"predecessor-version":[{"id":130,"href":"https:\/\/www.migotanie-przedsionkow.pl\/index.php?rest_route=\/wp\/v2\/pages\/124\/revisions\/130"}],"up":[{"embeddable":true,"href":"https:\/\/www.migotanie-przedsionkow.pl\/index.php?rest_route=\/wp\/v2\/pages\/64"}],"wp:attachment":[{"href":"https:\/\/www.migotanie-przedsionkow.pl\/index.php?rest_route=%2Fwp%2Fv2%2Fmedia&parent=124"}],"curies":[{"name":"wp","href":"https:\/\/api.w.org\/{rel}","templated":true}]}}