{"id":59,"date":"2012-04-23T12:53:34","date_gmt":"2012-04-23T10:53:34","guid":{"rendered":"http:\/\/pigulka.home.pl\/migotanie\/?page_id=59"},"modified":"2012-04-24T12:29:52","modified_gmt":"2012-04-24T10:29:52","slug":"migotanie-przedsionkow","status":"publish","type":"page","link":"https:\/\/www.migotanie-przedsionkow.pl\/?page_id=59","title":{"rendered":"Migotanie przedsionk\u00f3w"},"content":{"rendered":"<p><strong>Migotanie Przedsionk\u00f3w<\/strong><\/p>\n<ul>\n<li><a title=\"Serce cz\u0142owieka\" href=\"http:\/\/pigulka.home.pl\/migotanie\/?page_id=84\">Serce cz\u0142owieka<\/a><\/li>\n<li><a title=\"Zaburzenia pracy serca\" href=\"http:\/\/pigulka.home.pl\/migotanie\/?page_id=86\">Zaburzenia pracy serca<\/a><\/li>\n<li><a title=\"Wyst\u0119powanie\" href=\"http:\/\/pigulka.home.pl\/migotanie\/?page_id=88\">Wyst\u0119powanie<\/a><\/li>\n<li><a title=\"Czynniki ryzyka\" href=\"http:\/\/pigulka.home.pl\/migotanie\/?page_id=78\">Czynniki ryzyka<\/a><\/li>\n<li><a title=\"Zapytaj lekarza\" href=\"http:\/\/pigulka.home.pl\/migotanie\/?page_id=82\">Zapytaj lekarza<\/a><\/li>\n<\/ul>\n","protected":false},"excerpt":{"rendered":"<p>Migotanie Przedsionk\u00f3w Serce cz\u0142owieka Zaburzenia pracy serca Wyst\u0119powanie Czynniki ryzyka Zapytaj lekarza<\/p>\n","protected":false},"author":1,"featured_media":0,"parent":0,"menu_order":0,"comment_status":"open","ping_status":"closed","template":"","meta":{"footnotes":""},"_links":{"self":[{"href":"https:\/\/www.migotanie-przedsionkow.pl\/index.php?rest_route=\/wp\/v2\/pages\/59"}],"collection":[{"href":"https:\/\/www.migotanie-przedsionkow.pl\/index.php?rest_route=\/wp\/v2\/pages"}],"about":[{"href":"https:\/\/www.migotanie-przedsionkow.pl\/index.php?rest_route=\/wp\/v2\/types\/page"}],"author":[{"embeddable":true,"href":"https:\/\/www.migotanie-przedsionkow.pl\/index.php?rest_route=\/wp\/v2\/users\/1"}],"replies":[{"embeddable":true,"href":"https:\/\/www.migotanie-przedsionkow.pl\/index.php?rest_route=%2Fwp%2Fv2%2Fcomments&post=59"}],"version-history":[{"count":5,"href":"https:\/\/www.migotanie-przedsionkow.pl\/index.php?rest_route=\/wp\/v2\/pages\/59\/revisions"}],"predecessor-version":[{"id":156,"href":"https:\/\/www.migotanie-przedsionkow.pl\/index.php?rest_route=\/wp\/v2\/pages\/59\/revisions\/156"}],"wp:attachment":[{"href":"https:\/\/www.migotanie-przedsionkow.pl\/index.php?rest_route=%2Fwp%2Fv2%2Fmedia&parent=59"}],"curies":[{"name":"wp","href":"https:\/\/api.w.org\/{rel}","templated":true}]}}